{"id":2969,"date":"2018-11-26T17:18:27","date_gmt":"2018-11-26T17:18:27","guid":{"rendered":"http:\/\/xes.cat\/ecologia\/"},"modified":"2018-11-26T17:18:28","modified_gmt":"2018-11-26T17:18:28","slug":"ecologia","status":"publish","type":"page","link":"https:\/\/historic.xes.cat\/es\/ecologia\/","title":{"rendered":"Ecolog\u00eda"},"content":{"rendered":"<div class='flex_column_table av-av_one_full-bd5bfda1e9461586f3f2b35785173b0d sc-av_one_full av-equal-height-column-flextable'>\n<style type=\"text\/css\" data-created_by=\"avia_inline_auto\" id=\"style-css-av-av_one_full-bd5bfda1e9461586f3f2b35785173b0d\">\n.flex_column.av-av_one_full-bd5bfda1e9461586f3f2b35785173b0d{\nborder-radius:0px 0px 0px 0px;\n-webkit-border-radius:0px 0px 0px 0px;\n-moz-border-radius:0px 0px 0px 0px;\npadding:20px 50px 20px 50px;\n}\n<\/style>\n<div class='flex_column av-av_one_full-bd5bfda1e9461586f3f2b35785173b0d av_one_full  avia-builder-el-0  el_before_av_textblock  avia-builder-el-first  first flex_column_table_cell av-equal-height-column av-align-top '   ><section  class='av_textblock_section av-av_textblock-bcd87dc5b813946508c7e3735df43322'  itemscope=\"itemscope\" itemtype=\"https:\/\/schema.org\/CreativeWork\" ><div class='avia_textblock'  itemprop=\"text\" ><h3 style=\"text-align: center;\"><strong>ECOLOG\u00cdA<\/strong><\/h3>\n<\/div><\/section><br \/>\n\n<style type=\"text\/css\" data-created_by=\"avia_inline_auto\" id=\"style-css-av-av_hr-0d236e2ecb877d3488321b678e4e937d\">\n#top .hr.av-av_hr-0d236e2ecb877d3488321b678e4e937d{\nmargin-top:0px;\nmargin-bottom:20px;\n}\n.hr.av-av_hr-0d236e2ecb877d3488321b678e4e937d .hr-inner{\nwidth:50px;\nborder-color:#de3556;\n}\n<\/style>\n<div  class='hr av-av_hr-0d236e2ecb877d3488321b678e4e937d hr-custom  avia-builder-el-2  el_after_av_textblock  el_before_av_textblock  hr-center hr-icon-no'><span class='hr-inner inner-border-av-border-fat'><span class=\"hr-inner-style\"><\/span><\/span><\/div><br \/>\n<section  class='av_textblock_section av-av_textblock-bcd87dc5b813946508c7e3735df43322'  itemscope=\"itemscope\" itemtype=\"https:\/\/schema.org\/CreativeWork\" ><div class='avia_textblock'  itemprop=\"text\" ><p>A ra\u00edz de las jornadas que se realizaron en junio de 2018 sobre econom\u00eda socioambiental y solidaria, organizadas por Espai Ambiental Cooperativa con el apoyo de la XES, se visualiz\u00f3 entre las entidades participantes que la econom\u00eda social y solidaria deb\u00eda trabajar m\u00e1s coordinadamente el valor de la ecolog\u00eda y la sostenibilidad para poder fortalecerse. En las conclusiones se recogi\u00f3 que se hab\u00eda de impulsar una comisi\u00f3n de ecolog\u00eda dentro de la XES con unos objetivos comunes a trabajar.<\/p>\n<p>En un mundo con recursos finitos, donde existe la necesidad de evolucionar hacia un modelo basado en la econom\u00eda ecol\u00f3gica, anticapitalista y feminista; donde los cuidados deben estar tambi\u00e9n en el centro y donde se han de tener en cuenta las consecuencias que tiene para la vida del actual modelo econ\u00f3mico; donde debemos abrir el camino para lograr una verdadera transici\u00f3n ecol\u00f3gica, con un arraigo territorial y local fuerte y tambi\u00e9n comunitario, desde las entidades, cooperativas y empresas sociales, queremos organizarnos para poder hacernos visibles y crecer.<\/p>\n<p>Por ello hacemos un llamamiento a todas aquellas entidades que tienen dentro de su misi\u00f3n lograr la sostenibilidad dentro de otro paradigma econ\u00f3mico, para que se adhieran para trabajar conjuntamente en esta comisi\u00f3n.<\/p>\n<\/div><\/section><\/p><\/div><\/div><!--close column table wrapper. Autoclose: 1 --><section  class='av_textblock_section av-av_textblock-0366cc7376be6c9e82a3e9cc8987b64f'  itemscope=\"itemscope\" itemtype=\"https:\/\/schema.org\/CreativeWork\" ><div class='avia_textblock'  itemprop=\"text\" ><h3 style=\"text-align: center;\">OBJETIVOS<\/h3>\n<\/div><\/section><\/p>\n\n<style type=\"text\/css\" data-created_by=\"avia_inline_auto\" id=\"style-css-av-av_hr-0d236e2ecb877d3488321b678e4e937d\">\n#top .hr.av-av_hr-0d236e2ecb877d3488321b678e4e937d{\nmargin-top:0px;\nmargin-bottom:20px;\n}\n.hr.av-av_hr-0d236e2ecb877d3488321b678e4e937d .hr-inner{\nwidth:50px;\nborder-color:#de3556;\n}\n<\/style>\n<div  class='hr av-av_hr-0d236e2ecb877d3488321b678e4e937d hr-custom  avia-builder-el-5  el_after_av_textblock  el_before_av_one_full  hr-center hr-icon-no'><span class='hr-inner inner-border-av-border-fat'><span class=\"hr-inner-style\"><\/span><\/span><\/div>\n<div class='flex_column_table av-av_one_full-a4787bfc4cd4f4dd1e04d981e644c483 sc-av_one_full av-equal-height-column-flextable'>\n<style type=\"text\/css\" data-created_by=\"avia_inline_auto\" id=\"style-css-av-av_one_full-a4787bfc4cd4f4dd1e04d981e644c483\">\n#top .flex_column_table.av-equal-height-column-flextable.av-av_one_full-a4787bfc4cd4f4dd1e04d981e644c483{\nmargin-top:10px;\nmargin-bottom:10px;\n}\n.flex_column.av-av_one_full-a4787bfc4cd4f4dd1e04d981e644c483{\nborder-width:2px;\nborder-color:rgba(255,61,61,0.61);\nborder-style:solid;\nborder-radius:0x 0x 0x 0x;\n-webkit-border-radius:0x 0x 0x 0x;\n-moz-border-radius:0x 0x 0x 0x;\npadding:5px 10px 5px 10px;\n}\n<\/style>\n<div class='flex_column av-av_one_full-a4787bfc4cd4f4dd1e04d981e644c483 av_one_full  avia-builder-el-6  el_after_av_hr  el_before_av_one_full  first flex_column_table_cell av-equal-height-column av-align-middle '   ><style type=\"text\/css\" data-created_by=\"avia_inline_auto\" id=\"style-css-av-av_textblock-9acfdef2708d9d9788f3ebfbb0cb4a15\">\n#top .av_textblock_section.av-av_textblock-9acfdef2708d9d9788f3ebfbb0cb4a15 .avia_textblock{\ncolor:#636363;\n}\n<\/style>\n<section  class='av_textblock_section av-av_textblock-9acfdef2708d9d9788f3ebfbb0cb4a15'  itemscope=\"itemscope\" itemtype=\"https:\/\/schema.org\/CreativeWork\" ><div class='avia_textblock av_inherit_color'  itemprop=\"text\" ><p style=\"text-align: justify; font-size: 0.95em;\">Promover la intercooperaci\u00f3n de las entidades de la XES, o de las que puedan formar parte, que tengan en su misi\u00f3n conseguir la sostenibilidad.<\/p>\n<\/div><\/section><\/div><\/div><!--close column table wrapper. Autoclose: 1 --><div class='flex_column_table av-av_one_full-a4787bfc4cd4f4dd1e04d981e644c483 sc-av_one_full av-equal-height-column-flextable'>\n<style type=\"text\/css\" data-created_by=\"avia_inline_auto\" id=\"style-css-av-av_one_full-a4787bfc4cd4f4dd1e04d981e644c483\">\n#top .flex_column_table.av-equal-height-column-flextable.av-av_one_full-a4787bfc4cd4f4dd1e04d981e644c483{\nmargin-top:10px;\nmargin-bottom:10px;\n}\n.flex_column.av-av_one_full-a4787bfc4cd4f4dd1e04d981e644c483{\nborder-width:2px;\nborder-color:rgba(255,61,61,0.61);\nborder-style:solid;\nborder-radius:0x 0x 0x 0x;\n-webkit-border-radius:0x 0x 0x 0x;\n-moz-border-radius:0x 0x 0x 0x;\npadding:5px 10px 5px 10px;\n}\n<\/style>\n<div class='flex_column av-av_one_full-a4787bfc4cd4f4dd1e04d981e644c483 av_one_full  avia-builder-el-8  el_after_av_one_full  el_before_av_one_full  first flex_column_table_cell av-equal-height-column av-align-middle column-top-margin'   ><style type=\"text\/css\" data-created_by=\"avia_inline_auto\" id=\"style-css-av-av_textblock-9acfdef2708d9d9788f3ebfbb0cb4a15\">\n#top .av_textblock_section.av-av_textblock-9acfdef2708d9d9788f3ebfbb0cb4a15 .avia_textblock{\ncolor:#636363;\n}\n<\/style>\n<section  class='av_textblock_section av-av_textblock-9acfdef2708d9d9788f3ebfbb0cb4a15'  itemscope=\"itemscope\" itemtype=\"https:\/\/schema.org\/CreativeWork\" ><div class='avia_textblock av_inherit_color'  itemprop=\"text\" ><p style=\"text-align: justify; font-size: 0.95em;\">Visibilitar la problem\u00e1tica socioambiental: residuos, mobilidad, energ\u00eda, alimentaci\u00f3n, cambio clim\u00e1tico, turismo, etc y promover el consumo responsable, la educaci\u00f3n socioambiental y la just\u00edcia ecosocial.<\/p>\n<\/div><\/section><\/div><\/div><!--close column table wrapper. Autoclose: 1 --><div class='flex_column_table av-av_one_full-a4787bfc4cd4f4dd1e04d981e644c483 sc-av_one_full av-equal-height-column-flextable'>\n<style type=\"text\/css\" data-created_by=\"avia_inline_auto\" id=\"style-css-av-av_one_full-a4787bfc4cd4f4dd1e04d981e644c483\">\n#top .flex_column_table.av-equal-height-column-flextable.av-av_one_full-a4787bfc4cd4f4dd1e04d981e644c483{\nmargin-top:10px;\nmargin-bottom:10px;\n}\n.flex_column.av-av_one_full-a4787bfc4cd4f4dd1e04d981e644c483{\nborder-width:2px;\nborder-color:rgba(255,61,61,0.61);\nborder-style:solid;\nborder-radius:0x 0x 0x 0x;\n-webkit-border-radius:0x 0x 0x 0x;\n-moz-border-radius:0x 0x 0x 0x;\npadding:5px 10px 5px 10px;\n}\n<\/style>\n<div class='flex_column av-av_one_full-a4787bfc4cd4f4dd1e04d981e644c483 av_one_full  avia-builder-el-10  el_after_av_one_full  el_before_av_one_full  first flex_column_table_cell av-equal-height-column av-align-middle column-top-margin'   ><style type=\"text\/css\" data-created_by=\"avia_inline_auto\" id=\"style-css-av-av_textblock-9acfdef2708d9d9788f3ebfbb0cb4a15\">\n#top .av_textblock_section.av-av_textblock-9acfdef2708d9d9788f3ebfbb0cb4a15 .avia_textblock{\ncolor:#636363;\n}\n<\/style>\n<section  class='av_textblock_section av-av_textblock-9acfdef2708d9d9788f3ebfbb0cb4a15'  itemscope=\"itemscope\" itemtype=\"https:\/\/schema.org\/CreativeWork\" ><div class='avia_textblock av_inherit_color'  itemprop=\"text\" ><p style=\"text-align: justify;\">Sensibilizar a las organizaciones de la XES en el tema ambiental y potenciarlo dentro de la ESS como l\u00ednea transversal.<\/p>\n<\/div><\/section><\/div><\/div><!--close column table wrapper. Autoclose: 1 --><div class='flex_column_table av-av_one_full-40fb88b8f6bb6b303fb78e9ea0dd5062 sc-av_one_full av-equal-height-column-flextable'>\n<style type=\"text\/css\" data-created_by=\"avia_inline_auto\" id=\"style-css-av-av_one_full-40fb88b8f6bb6b303fb78e9ea0dd5062\">\n#top .flex_column_table.av-equal-height-column-flextable.av-av_one_full-40fb88b8f6bb6b303fb78e9ea0dd5062{\nmargin-top:10px;\nmargin-bottom:10px;\n}\n.flex_column.av-av_one_full-40fb88b8f6bb6b303fb78e9ea0dd5062{\nborder-width:2px;\nborder-color:rgba(255,61,61,0.61);\nborder-style:solid;\nborder-radius:0x 0x 0x 0x;\n-webkit-border-radius:0x 0x 0x 0x;\n-moz-border-radius:0x 0x 0x 0x;\npadding:10px 10px 10px 10px;\n}\n<\/style>\n<div class='flex_column av-av_one_full-40fb88b8f6bb6b303fb78e9ea0dd5062 av_one_full  avia-builder-el-12  el_after_av_one_full  el_before_av_one_full  first flex_column_table_cell av-equal-height-column av-align-middle column-top-margin'   ><style type=\"text\/css\" data-created_by=\"avia_inline_auto\" id=\"style-css-av-av_textblock-9acfdef2708d9d9788f3ebfbb0cb4a15\">\n#top .av_textblock_section.av-av_textblock-9acfdef2708d9d9788f3ebfbb0cb4a15 .avia_textblock{\ncolor:#636363;\n}\n<\/style>\n<section  class='av_textblock_section av-av_textblock-9acfdef2708d9d9788f3ebfbb0cb4a15'  itemscope=\"itemscope\" itemtype=\"https:\/\/schema.org\/CreativeWork\" ><div class='avia_textblock av_inherit_color'  itemprop=\"text\" ><p style=\"text-align: justify; font-size: 0.95em;\">Generar discurso delante de las instituciones de forma colectiva de la problem\u00e1tica y plantear soluciones.<\/p>\n<\/div><\/section><\/div><\/div><!--close column table wrapper. Autoclose: 1 --><div class='flex_column_table av-av_one_full-40fb88b8f6bb6b303fb78e9ea0dd5062 sc-av_one_full av-equal-height-column-flextable'>\n<style type=\"text\/css\" data-created_by=\"avia_inline_auto\" id=\"style-css-av-av_one_full-40fb88b8f6bb6b303fb78e9ea0dd5062\">\n#top .flex_column_table.av-equal-height-column-flextable.av-av_one_full-40fb88b8f6bb6b303fb78e9ea0dd5062{\nmargin-top:10px;\nmargin-bottom:10px;\n}\n.flex_column.av-av_one_full-40fb88b8f6bb6b303fb78e9ea0dd5062{\nborder-width:2px;\nborder-color:rgba(255,61,61,0.61);\nborder-style:solid;\nborder-radius:0x 0x 0x 0x;\n-webkit-border-radius:0x 0x 0x 0x;\n-moz-border-radius:0x 0x 0x 0x;\npadding:10px 10px 10px 10px;\n}\n<\/style>\n<div class='flex_column av-av_one_full-40fb88b8f6bb6b303fb78e9ea0dd5062 av_one_full  avia-builder-el-14  el_after_av_one_full  el_before_av_one_full  first flex_column_table_cell av-equal-height-column av-align-middle column-top-margin'   ><style type=\"text\/css\" data-created_by=\"avia_inline_auto\" id=\"style-css-av-av_textblock-9acfdef2708d9d9788f3ebfbb0cb4a15\">\n#top .av_textblock_section.av-av_textblock-9acfdef2708d9d9788f3ebfbb0cb4a15 .avia_textblock{\ncolor:#636363;\n}\n<\/style>\n<section  class='av_textblock_section av-av_textblock-9acfdef2708d9d9788f3ebfbb0cb4a15'  itemscope=\"itemscope\" itemtype=\"https:\/\/schema.org\/CreativeWork\" ><div class='avia_textblock av_inherit_color'  itemprop=\"text\" ><p style=\"text-align: justify; font-size: 0.95em;\">Compartir experiencias y generar soluciones a problem\u00e1tiques comunes y construir estrategias conjuntas.<\/p>\n<\/div><\/section><\/div><\/div><!--close column table wrapper. Autoclose: 1 -->\n<style type=\"text\/css\" data-created_by=\"avia_inline_auto\" id=\"style-css-av-av_one_full-0171669abd380b3f4aa7199691ff5b5a\">\n.flex_column.av-av_one_full-0171669abd380b3f4aa7199691ff5b5a{\nborder-radius:0px 0px 0px 0px;\n-webkit-border-radius:0px 0px 0px 0px;\n-moz-border-radius:0px 0px 0px 0px;\npadding:5px 0px 20px 0px;\n}\n<\/style>\n<div class='flex_column av-av_one_full-0171669abd380b3f4aa7199691ff5b5a av_one_full  avia-builder-el-16  el_after_av_one_full  el_before_av_hr  first flex_column_div column-top-margin'   ><section  class='av_textblock_section av-av_textblock-0366cc7376be6c9e82a3e9cc8987b64f'  itemscope=\"itemscope\" itemtype=\"https:\/\/schema.org\/CreativeWork\" ><div class='avia_textblock'  itemprop=\"text\" ><h3 style=\"text-align: center;\">NOTICIAS<\/h3>\n<\/div><\/section><br \/>\n\n<style type=\"text\/css\" data-created_by=\"avia_inline_auto\" id=\"style-css-av-av_hr-97f637de20ce216d619d7ea8b269febb\">\n#top .hr.av-av_hr-97f637de20ce216d619d7ea8b269febb{\nmargin-top:0px;\nmargin-bottom:10px;\n}\n.hr.av-av_hr-97f637de20ce216d619d7ea8b269febb .hr-inner{\nwidth:50px;\nborder-color:#de3556;\n}\n<\/style>\n<div  class='hr av-av_hr-97f637de20ce216d619d7ea8b269febb hr-custom  avia-builder-el-18  el_after_av_textblock  el_before_av_postslider  hr-center hr-icon-no'><span class='hr-inner inner-border-av-border-fat'><span class=\"hr-inner-style\"><\/span><\/span><\/div><br \/>\n<div   data-autoplay='1'  data-interval='6'  data-animation='fade'  data-show_slide_delay='90'  class='avia-content-slider avia-content-slider-active avia-content-slider1 avia-content-slider-odd  avia-builder-el-19  el_after_av_hr  avia-builder-el-last  '  itemscope=\"itemscope\" itemtype=\"https:\/\/schema.org\/Blog\" ><div class='avia-content-slider-inner'><div class='slide-entry-wrap'><article class='slide-entry flex_column  post-entry post-entry-5664 slide-entry-overview slide-loop-1 slide-parity-odd  post-entry-last  av_one_third first real-thumbnail post-format-standard'  itemscope=\"itemscope\" itemtype=\"https:\/\/schema.org\/CreativeWork\" ><a href='https:\/\/historic.xes.cat\/es\/2019\/07\/01\/quin-paper-te-leconomia-solidaria-en-la-transicio-ecologica\/' data-rel='slide-1' class='slide-image' title='\u00bfQu\u00e9 papel tiene la econom\u00eda solidaria en la transici\u00f3n ecol\u00f3gica?'><img width=\"495\" height=\"330\" src=\"https:\/\/historic.xes.cat\/wp-content\/uploads\/2019\/07\/eco-03.jpg\" class=\"wp-image-5158 avia-img-lazy-loading-not-5158 attachment-portfolio size-portfolio wp-post-image\" alt=\"\" \/><\/a><div class='slide-content'><header class=\"entry-content-header\"><h3 class='slide-entry-title entry-title '  itemprop=\"headline\" ><a href='https:\/\/historic.xes.cat\/es\/2019\/07\/01\/quin-paper-te-leconomia-solidaria-en-la-transicio-ecologica\/' title='\u00bfQu\u00e9 papel tiene la econom\u00eda solidaria en la transici\u00f3n ecol\u00f3gica?'>\u00bfQu\u00e9 papel tiene la econom\u00eda solidaria en la transici\u00f3n ecol\u00f3gica?<\/a><\/h3><span class=\"av-vertical-delimiter\"><\/span><\/header><div class=\"slide-meta\"><time class='slide-meta-time updated'  itemprop=\"datePublished\" datetime=\"2019-07-01T23:17:14+02:00\" >1 de julio de 2019<\/time><\/div><div class='slide-entry-excerpt entry-content'  itemprop=\"text\" >\r\n\r\n\r\n\r\n\r\n\r\n\r\nEl autor, miembro de la Red de Econom\u00eda Solidaria\u2026<div class=\"read-more-link\"><a href=\"https:\/\/historic.xes.cat\/es\/2019\/07\/01\/quin-paper-te-leconomia-solidaria-en-la-transicio-ecologica\/\" class=\"more-link\">Leer m\u00e1s<span class=\"more-link-arrow\"><\/span><\/a><\/div><\/div><\/div><footer class=\"entry-footer\"><\/footer><span class='hidden'>\n\t\t\t\t<span class='av-structured-data'  itemprop=\"image\" itemscope=\"itemscope\" itemtype=\"https:\/\/schema.org\/ImageObject\" >\n\t\t\t\t\t\t<span itemprop='url'>https:\/\/historic.xes.cat\/wp-content\/uploads\/2019\/07\/eco-03.jpg<\/span>\n\t\t\t\t\t\t<span itemprop='height'>1250<\/span>\n\t\t\t\t\t\t<span itemprop='width'>1875<\/span>\n\t\t\t\t<\/span>\n\t\t\t\t<span class='av-structured-data'  itemprop=\"publisher\" itemtype=\"https:\/\/schema.org\/Organization\" itemscope=\"itemscope\" >\n\t\t\t\t\t\t<span itemprop='name'>adminriceup<\/span>\n\t\t\t\t\t\t<span itemprop='logo' itemscope itemtype='https:\/\/schema.org\/ImageObject'>\n\t\t\t\t\t\t\t<span itemprop='url'>http:\/\/xes.cat\/wp-content\/uploads\/2017\/05\/logotip-xes.png<\/span>\n\t\t\t\t\t\t <\/span>\n\t\t\t\t<\/span><span class='av-structured-data'  itemprop=\"author\" itemscope=\"itemscope\" itemtype=\"https:\/\/schema.org\/Person\" ><span itemprop='name'>adminriceup<\/span><\/span><span class='av-structured-data'  itemprop=\"datePublished\" datetime=\"2018-11-26T17:18:27+01:00\" >2019-07-01 23:17:14<\/span><span class='av-structured-data'  itemprop=\"dateModified\" itemtype=\"https:\/\/schema.org\/dateModified\" >2019-10-23 23:37:48<\/span><span class='av-structured-data'  itemprop=\"mainEntityOfPage\" itemtype=\"https:\/\/schema.org\/mainEntityOfPage\" ><span itemprop='name'>\u00bfQu\u00e9 papel tiene la econom\u00eda solidaria en la transici\u00f3n ecol\u00f3gica?<\/span><\/span><\/span><\/article><\/div><\/div><\/div><\/p><\/div>\n<style type=\"text\/css\" data-created_by=\"avia_inline_auto\" id=\"style-css-av-av_hr-3c88b5ed79d98baa6e70241e86289dbe\">\n#top .hr.hr-invisible.av-av_hr-3c88b5ed79d98baa6e70241e86289dbe{\nheight:50px;\n}\n<\/style>\n<div  class='hr av-av_hr-3c88b5ed79d98baa6e70241e86289dbe hr-invisible  avia-builder-el-20  el_after_av_one_full  el_before_av_one_fifth '><span class='hr-inner '><span class=\"hr-inner-style\"><\/span><\/span><\/div><\/p>\n\n<style type=\"text\/css\" data-created_by=\"avia_inline_auto\" id=\"style-css-av-av_one_fifth-9497bbf8bff73ea4c6992cc17fa9ec36\">\n.flex_column.av-av_one_fifth-9497bbf8bff73ea4c6992cc17fa9ec36{\nborder-radius:0px 0px 0px 0px;\n-webkit-border-radius:0px 0px 0px 0px;\n-moz-border-radius:0px 0px 0px 0px;\n}\n<\/style>\n<div class='flex_column av-av_one_fifth-9497bbf8bff73ea4c6992cc17fa9ec36 av_one_fifth  avia-builder-el-21  el_after_av_hr  el_before_av_three_fifth  first flex_column_div av-zero-column-padding '   ><\/div>\n\n<style type=\"text\/css\" data-created_by=\"avia_inline_auto\" id=\"style-css-av-av_three_fifth-9c1d454dc06f7247226bc4e8f931daae\">\n.flex_column.av-av_three_fifth-9c1d454dc06f7247226bc4e8f931daae{\nborder-radius:0px 0px 0px 0px;\n-webkit-border-radius:0px 0px 0px 0px;\n-moz-border-radius:0px 0px 0px 0px;\n}\n<\/style>\n<div class='flex_column av-av_three_fifth-9c1d454dc06f7247226bc4e8f931daae av_three_fifth  avia-builder-el-22  el_after_av_one_fifth  el_before_av_one_fifth  flex_column_div av-zero-column-padding '   ><style type=\"text\/css\" data-created_by=\"avia_inline_auto\" id=\"style-css-av-av_icon_box-53efeaec09ce6914b9f2a72dcf6c0bd3\">\n.iconbox.av-av_icon_box-53efeaec09ce6914b9f2a72dcf6c0bd3 .iconbox_icon{\nbackground-color:#ffffff;\nborder:1px solid #e03457;\ncolor:#e03457;\n}\n#top #wrap_all .iconbox.av-av_icon_box-53efeaec09ce6914b9f2a72dcf6c0bd3 .iconbox_content_title{\ncolor:#ffffff;\n}\n.iconbox.av-av_icon_box-53efeaec09ce6914b9f2a72dcf6c0bd3 .iconbox_content_container{\ncolor:#ffffff;\n}\n<\/style>\n<article  class='iconbox iconbox_top av-av_icon_box-53efeaec09ce6914b9f2a72dcf6c0bd3  avia-builder-el-23  avia-builder-el-no-sibling  iconbox-bg main_color'  itemscope=\"itemscope\" itemtype=\"https:\/\/schema.org\/CreativeWork\" ><div class=\"iconbox_content\"><header class=\"entry-content-header\"><a href='mailto:mailto:ecologia@xes.cat' title='CONTACTO' target=\"_blank\" rel=\"noopener noreferrer\" class=\"iconbox_icon heading-color\" aria-hidden='true' data-av_icon='\ue805' data-av_iconfont='entypo-fontello'><\/a><h3 class='iconbox_content_title '  itemprop=\"headline\" ><a href='mailto:mailto:ecologia@xes.cat' title='CONTACTO' target=\"_blank\" rel=\"noopener noreferrer\">CONTACTO<\/a><\/h3><\/header><div class='iconbox_content_container av_inherit_color'  itemprop=\"text\" ><p><a href=\"mailto:ecologia@xes.cat\"><span style=\"font-weight: 400;\">ecologia@xes.cat<\/span><\/a><\/p>\n<\/div><\/div><footer class=\"entry-footer\"><\/footer><\/article><\/div>\n<style type=\"text\/css\" data-created_by=\"avia_inline_auto\" id=\"style-css-av-av_one_fifth-9c1d454dc06f7247226bc4e8f931daae\">\n.flex_column.av-av_one_fifth-9c1d454dc06f7247226bc4e8f931daae{\nborder-radius:0px 0px 0px 0px;\n-webkit-border-radius:0px 0px 0px 0px;\n-moz-border-radius:0px 0px 0px 0px;\n}\n<\/style>\n<div class='flex_column av-av_one_fifth-9c1d454dc06f7247226bc4e8f931daae av_one_fifth  avia-builder-el-24  el_after_av_three_fifth  avia-builder-el-last  flex_column_div av-zero-column-padding '   ><\/div><\/p>\n","protected":false},"excerpt":{"rendered":"","protected":false},"author":16,"featured_media":0,"parent":0,"menu_order":0,"comment_status":"closed","ping_status":"closed","template":"","meta":{"_links_to":"","_links_to_target":""},"acf":[],"_links":{"self":[{"href":"https:\/\/historic.xes.cat\/es\/wp-json\/wp\/v2\/pages\/2969"}],"collection":[{"href":"https:\/\/historic.xes.cat\/es\/wp-json\/wp\/v2\/pages"}],"about":[{"href":"https:\/\/historic.xes.cat\/es\/wp-json\/wp\/v2\/types\/page"}],"author":[{"embeddable":true,"href":"https:\/\/historic.xes.cat\/es\/wp-json\/wp\/v2\/users\/16"}],"replies":[{"embeddable":true,"href":"https:\/\/historic.xes.cat\/es\/wp-json\/wp\/v2\/comments?post=2969"}],"version-history":[{"count":10,"href":"https:\/\/historic.xes.cat\/es\/wp-json\/wp\/v2\/pages\/2969\/revisions"}],"predecessor-version":[{"id":2979,"href":"https:\/\/historic.xes.cat\/es\/wp-json\/wp\/v2\/pages\/2969\/revisions\/2979"}],"wp:attachment":[{"href":"https:\/\/historic.xes.cat\/es\/wp-json\/wp\/v2\/media?parent=2969"}],"curies":[{"name":"wp","href":"https:\/\/api.w.org\/{rel}","templated":true}]}}