{"id":1637,"date":"2017-03-26T15:26:36","date_gmt":"2017-03-26T15:26:36","guid":{"rendered":"http:\/\/xes.cat\/comunicacio\/"},"modified":"2017-11-18T19:44:14","modified_gmt":"2017-11-18T19:44:14","slug":"comunicacio","status":"publish","type":"page","link":"https:\/\/historic.xes.cat\/es\/comisiones\/comunicacion\/","title":{"rendered":"Comunicaci\u00f3n"},"content":{"rendered":"<div class='flex_column_table av-av_one_full-05937de0f2d17bff50128074d4558199 sc-av_one_full av-equal-height-column-flextable'>\n<style type=\"text\/css\" data-created_by=\"avia_inline_auto\" id=\"style-css-av-av_one_full-05937de0f2d17bff50128074d4558199\">\n.flex_column.av-av_one_full-05937de0f2d17bff50128074d4558199{\nborder-radius:0px 0px 0px 0px;\n-webkit-border-radius:0px 0px 0px 0px;\n-moz-border-radius:0px 0px 0px 0px;\npadding:0px 0px 20px 0px;\n}\n<\/style>\n<div class='flex_column av-av_one_full-05937de0f2d17bff50128074d4558199 av_one_full  avia-builder-el-0  el_before_av_one_fifth  avia-builder-el-first  first flex_column_table_cell av-equal-height-column av-align-top '   ><p>\n<style type=\"text\/css\" data-created_by=\"avia_inline_auto\" id=\"style-css-av-av_hr-9e4f122e6263a87236099ee1c2a3d1ea\">\n#top .hr.hr-invisible.av-av_hr-9e4f122e6263a87236099ee1c2a3d1ea{\nmargin-top:-18px;\nheight:1px;\n}\n<\/style>\n<div  class='hr av-av_hr-9e4f122e6263a87236099ee1c2a3d1ea hr-invisible  avia-builder-el-1  el_before_av_textblock  avia-builder-el-first '><span class='hr-inner '><span class=\"hr-inner-style\"><\/span><\/span><\/div><br \/>\n\n<style type=\"text\/css\" data-created_by=\"avia_inline_auto\" id=\"style-css-av-av_textblock-a0212b17a38bbe0b145fb98f5695eaff\">\n#top .av_textblock_section.av-av_textblock-a0212b17a38bbe0b145fb98f5695eaff .avia_textblock{\ncolor:#454545;\n}\n<\/style>\n<section  class='av_textblock_section av-av_textblock-a0212b17a38bbe0b145fb98f5695eaff'  itemscope=\"itemscope\" itemtype=\"https:\/\/schema.org\/CreativeWork\" ><div class='avia_textblock av_inherit_color'  itemprop=\"text\" ><h3 style=\"text-align: center;\">COMUNICACI\u00d3N<\/h3>\n<\/div><\/section><br \/>\n\n<style type=\"text\/css\" data-created_by=\"avia_inline_auto\" id=\"style-css-av-av_hr-a6211d8f60ef2716f579cd0e00f1e77a\">\n#top .hr.av-av_hr-a6211d8f60ef2716f579cd0e00f1e77a{\nmargin-top:10px;\nmargin-bottom:30px;\n}\n.hr.av-av_hr-a6211d8f60ef2716f579cd0e00f1e77a .hr-inner{\nwidth:50px;\nborder-color:#e03457;\n}\n<\/style>\n<div  class='hr av-av_hr-a6211d8f60ef2716f579cd0e00f1e77a hr-custom  avia-builder-el-3  el_after_av_textblock  el_before_av_textblock  hr-center hr-icon-no'><span class='hr-inner inner-border-av-border-fat'><span class=\"hr-inner-style\"><\/span><\/span><\/div><br \/>\n\n<style type=\"text\/css\" data-created_by=\"avia_inline_auto\" id=\"style-css-av-av_textblock-a0212b17a38bbe0b145fb98f5695eaff\">\n#top .av_textblock_section.av-av_textblock-a0212b17a38bbe0b145fb98f5695eaff .avia_textblock{\ncolor:#454545;\n}\n<\/style>\n<section  class='av_textblock_section av-av_textblock-a0212b17a38bbe0b145fb98f5695eaff'  itemscope=\"itemscope\" itemtype=\"https:\/\/schema.org\/CreativeWork\" ><div class='avia_textblock av_inherit_color'  itemprop=\"text\" ><p style=\"text-align: justify;\"><span style=\"font-weight: 400;\">La comisi\u00f3n de comunicaci\u00f3n es la responsable de la <\/span><b>planificaci\u00f3n de la estrategia comunicativa de la XES, as\u00ed como de la difusi\u00f3n de sus actividades, campa\u00f1as y valores<\/b>,<b> <\/b><span style=\"font-weight: 400;\">con el objetivo de garantizar que lleguen a las entidades adheridas, socias individuales y ciudadan\u00eda en general a trav\u00e9s de diferentes canales digitales y offline. <\/span><\/p>\n<p style=\"text-align: justify;\"><span style=\"font-weight: 400;\">Las personas participantes de la comisi\u00f3n se encargan de dise\u00f1ar, generar y difundir contenidos sobre la XES y la econom\u00eda solidaria a trav\u00e9s del web, el bolet\u00edn mensual, las redes sociales, el canal de v\u00eddeo o los materiales en papel. Adem\u00e1s, se encarga de compartir actividades y proyectos de las entidades socias para generar red y sentimiento de pertenencia y hacer<\/span><b> incidencia en los medios<\/b><span style=\"font-weight: 400;\">. <\/span><\/p>\n<p style=\"text-align: justify;\"><span style=\"font-weight: 400;\">La comisi\u00f3n tambi\u00e9n apoya al resto de comisiones y al equipo t\u00e9cnico en cuanto a aspectos comunicativos.<\/span><\/p>\n<\/div><\/section><br \/>\n\n<style type=\"text\/css\" data-created_by=\"avia_inline_auto\" id=\"style-css-av-av_hr-f9c49c3d3336fc54a3f31ed109c785bd\">\n#top .hr.hr-invisible.av-av_hr-f9c49c3d3336fc54a3f31ed109c785bd{\nheight:30px;\n}\n<\/style>\n<div  class='hr av-av_hr-f9c49c3d3336fc54a3f31ed109c785bd hr-invisible  avia-builder-el-5  el_after_av_textblock  el_before_av_textblock '><span class='hr-inner '><span class=\"hr-inner-style\"><\/span><\/span><\/div><br \/>\n<section  class='av_textblock_section av-av_textblock-35972167d9f102c5ddaec0c531c98b9e'  itemscope=\"itemscope\" itemtype=\"https:\/\/schema.org\/CreativeWork\" ><div class='avia_textblock'  itemprop=\"text\" ><h3 style=\"text-align: center;\"><span style=\"color: #454545;\">OBJETIVOS<\/span><\/h3>\n<\/div><\/section><br \/>\n\n<style type=\"text\/css\" data-created_by=\"avia_inline_auto\" id=\"style-css-av-av_hr-a6211d8f60ef2716f579cd0e00f1e77a\">\n#top .hr.av-av_hr-a6211d8f60ef2716f579cd0e00f1e77a{\nmargin-top:10px;\nmargin-bottom:30px;\n}\n.hr.av-av_hr-a6211d8f60ef2716f579cd0e00f1e77a .hr-inner{\nwidth:50px;\nborder-color:#e03457;\n}\n<\/style>\n<div  class='hr av-av_hr-a6211d8f60ef2716f579cd0e00f1e77a hr-custom  avia-builder-el-7  el_after_av_textblock  el_before_av_textblock  hr-center hr-icon-no'><span class='hr-inner inner-border-av-border-fat'><span class=\"hr-inner-style\"><\/span><\/span><\/div><br \/>\n\n<style type=\"text\/css\" data-created_by=\"avia_inline_auto\" id=\"style-css-av-av_textblock-3dee888ddfc18fbd20f7c845b376424f\">\n#top .av_textblock_section.av-av_textblock-3dee888ddfc18fbd20f7c845b376424f .avia_textblock{\ncolor:#636363;\n}\n<\/style>\n<section  class='av_textblock_section av-av_textblock-3dee888ddfc18fbd20f7c845b376424f'  itemscope=\"itemscope\" itemtype=\"https:\/\/schema.org\/CreativeWork\" ><div class='avia_textblock objectius-fitxa av_inherit_color'  itemprop=\"text\" ><p style=\"font-size: 0.95em; text-align: left;\"><span style=\"color: #454545;\">Creaci\u00f3n del bolet\u00edn electr\u00f3nico infoXES, de periodicidad mensual.<\/span><\/p>\n<\/div><\/section><br \/>\n\n<style type=\"text\/css\" data-created_by=\"avia_inline_auto\" id=\"style-css-av-av_textblock-3dee888ddfc18fbd20f7c845b376424f\">\n#top .av_textblock_section.av-av_textblock-3dee888ddfc18fbd20f7c845b376424f .avia_textblock{\ncolor:#636363;\n}\n<\/style>\n<section  class='av_textblock_section av-av_textblock-3dee888ddfc18fbd20f7c845b376424f'  itemscope=\"itemscope\" itemtype=\"https:\/\/schema.org\/CreativeWork\" ><div class='avia_textblock objectius-fitxa av_inherit_color'  itemprop=\"text\" ><p style=\"font-size: 0.95em; text-align: left;\"><span style=\"color: #454545;\">Dise\u00f1o gr\u00e1fico de la XES y de sus comisiones.<\/span><\/p>\n<\/div><\/section><br \/>\n\n<style type=\"text\/css\" data-created_by=\"avia_inline_auto\" id=\"style-css-av-av_textblock-3dee888ddfc18fbd20f7c845b376424f\">\n#top .av_textblock_section.av-av_textblock-3dee888ddfc18fbd20f7c845b376424f .avia_textblock{\ncolor:#636363;\n}\n<\/style>\n<section  class='av_textblock_section av-av_textblock-3dee888ddfc18fbd20f7c845b376424f'  itemscope=\"itemscope\" itemtype=\"https:\/\/schema.org\/CreativeWork\" ><div class='avia_textblock objectius-fitxa av_inherit_color'  itemprop=\"text\" ><p style=\"font-size: 0.95em; text-align: left;\"><span style=\"color: #454545;\">Desarrollo y mantenimiento del sitio web.<\/span><\/p>\n<\/div><\/section><br \/>\n\n<style type=\"text\/css\" data-created_by=\"avia_inline_auto\" id=\"style-css-av-av_hr-f9c49c3d3336fc54a3f31ed109c785bd\">\n#top .hr.hr-invisible.av-av_hr-f9c49c3d3336fc54a3f31ed109c785bd{\nheight:30px;\n}\n<\/style>\n<div  class='hr av-av_hr-f9c49c3d3336fc54a3f31ed109c785bd hr-invisible  avia-builder-el-11  el_after_av_textblock  el_before_av_textblock '><span class='hr-inner '><span class=\"hr-inner-style\"><\/span><\/span><\/div><br \/>\n<section  class='av_textblock_section av-av_textblock-35972167d9f102c5ddaec0c531c98b9e'  itemscope=\"itemscope\" itemtype=\"https:\/\/schema.org\/CreativeWork\" ><div class='avia_textblock'  itemprop=\"text\" ><h3 style=\"text-align: center;\"><span style=\"color: #454545;\">NOTICIAS<\/span><\/h3>\n<\/div><\/section><br \/>\n\n<style type=\"text\/css\" data-created_by=\"avia_inline_auto\" id=\"style-css-av-av_hr-a6211d8f60ef2716f579cd0e00f1e77a\">\n#top .hr.av-av_hr-a6211d8f60ef2716f579cd0e00f1e77a{\nmargin-top:10px;\nmargin-bottom:30px;\n}\n.hr.av-av_hr-a6211d8f60ef2716f579cd0e00f1e77a .hr-inner{\nwidth:50px;\nborder-color:#e03457;\n}\n<\/style>\n<div  class='hr av-av_hr-a6211d8f60ef2716f579cd0e00f1e77a hr-custom  avia-builder-el-13  el_after_av_textblock  el_before_av_postslider  hr-center hr-icon-no'><span class='hr-inner inner-border-av-border-fat'><span class=\"hr-inner-style\"><\/span><\/span><\/div><br \/>\n<div   data-autoplay=''  data-interval='5'  data-animation='fade'  data-show_slide_delay='90'  class='avia-content-slider avia-content-slider-active avia-content-slider1 avia-content-slider-odd  avia-builder-el-14  el_after_av_hr  avia-builder-el-last  noticies-grid '  itemscope=\"itemscope\" itemtype=\"https:\/\/schema.org\/Blog\" ><div class='avia-content-slider-inner'><div class='slide-entry-wrap'><article class='slide-entry flex_column  post-entry post-entry-5665 slide-entry-overview slide-loop-1 slide-parity-odd  av_one_third first real-thumbnail post-format-standard'  itemscope=\"itemscope\" itemtype=\"https:\/\/schema.org\/CreativeWork\" ><a href='https:\/\/historic.xes.cat\/es\/2019\/10\/23\/lassemblea-general-extraordinaria-aprova-les-bases-per-la-futura-llei-deconomia-social-i-solidaria-a-catalunya\/' data-rel='slide-1' class='slide-image' title='La Asamblea General Extraordinaria aprueba las bases para la futura Ley de Econom\u00eda Social y Solidaria en Catalu\u00f1a'><img width=\"495\" height=\"322\" src=\"https:\/\/historic.xes.cat\/wp-content\/uploads\/2019\/10\/Captura-de-pantalla-2019-10-03-a-les-19.44.58.png\" class=\"wp-image-5480 avia-img-lazy-loading-not-5480 attachment-portfolio size-portfolio wp-post-image\" alt=\"assemblea general extraordin\u00e0ria cotubre 2019\" \/><\/a><div class='slide-content'><header class=\"entry-content-header\"><h3 class='slide-entry-title entry-title '  itemprop=\"headline\" ><a href='https:\/\/historic.xes.cat\/es\/2019\/10\/23\/lassemblea-general-extraordinaria-aprova-les-bases-per-la-futura-llei-deconomia-social-i-solidaria-a-catalunya\/' title='La Asamblea General Extraordinaria aprueba las bases para la futura Ley de Econom\u00eda Social y Solidaria en Catalu\u00f1a'>La Asamblea General Extraordinaria aprueba las bases para la futura Ley de Econom\u00eda Social y Solidaria en Catalu\u00f1a<\/a><\/h3><span class=\"av-vertical-delimiter\"><\/span><\/header><div class=\"slide-meta\"><time class='slide-meta-time updated'  itemprop=\"datePublished\" datetime=\"2019-10-23T23:19:24+02:00\" >23 de octubre de 2019<\/time><\/div><div class='slide-entry-excerpt entry-content'  itemprop=\"text\" >\r\n\r\nLa Asamblea General Extraordinaria de la Red de Econom\u00eda\u2026<div class=\"read-more-link\"><a href=\"https:\/\/historic.xes.cat\/es\/2019\/10\/23\/lassemblea-general-extraordinaria-aprova-les-bases-per-la-futura-llei-deconomia-social-i-solidaria-a-catalunya\/\" class=\"more-link\">Leer m\u00e1s<span class=\"more-link-arrow\"><\/span><\/a><\/div><\/div><\/div><footer class=\"entry-footer\"><\/footer><span class='hidden'>\n\t\t\t\t<span class='av-structured-data'  itemprop=\"image\" itemscope=\"itemscope\" itemtype=\"https:\/\/schema.org\/ImageObject\" >\n\t\t\t\t\t\t<span itemprop='url'>https:\/\/historic.xes.cat\/wp-content\/uploads\/2019\/10\/Captura-de-pantalla-2019-10-03-a-les-19.44.58.png<\/span>\n\t\t\t\t\t\t<span itemprop='height'>665<\/span>\n\t\t\t\t\t\t<span itemprop='width'>1022<\/span>\n\t\t\t\t<\/span>\n\t\t\t\t<span class='av-structured-data'  itemprop=\"publisher\" itemtype=\"https:\/\/schema.org\/Organization\" itemscope=\"itemscope\" >\n\t\t\t\t\t\t<span itemprop='name'>adminriceup<\/span>\n\t\t\t\t\t\t<span itemprop='logo' itemscope itemtype='https:\/\/schema.org\/ImageObject'>\n\t\t\t\t\t\t\t<span itemprop='url'>http:\/\/xes.cat\/wp-content\/uploads\/2017\/05\/logotip-xes.png<\/span>\n\t\t\t\t\t\t <\/span>\n\t\t\t\t<\/span><span class='av-structured-data'  itemprop=\"author\" itemscope=\"itemscope\" itemtype=\"https:\/\/schema.org\/Person\" ><span itemprop='name'>adminriceup<\/span><\/span><span class='av-structured-data'  itemprop=\"datePublished\" datetime=\"2017-03-26T15:26:36+02:00\" >2019-10-23 23:19:24<\/span><span class='av-structured-data'  itemprop=\"dateModified\" itemtype=\"https:\/\/schema.org\/dateModified\" >2019-10-23 23:26:38<\/span><span class='av-structured-data'  itemprop=\"mainEntityOfPage\" itemtype=\"https:\/\/schema.org\/mainEntityOfPage\" ><span itemprop='name'>La Asamblea General Extraordinaria aprueba las bases para la futura Ley de Econom\u00eda Social y Solidaria en Catalu\u00f1a<\/span><\/span><\/span><\/article><article class='slide-entry flex_column  post-entry post-entry-5661 slide-entry-overview slide-loop-2 slide-parity-even  av_one_third  real-thumbnail post-format-standard'  itemscope=\"itemscope\" itemtype=\"https:\/\/schema.org\/CreativeWork\" ><a href='https:\/\/historic.xes.cat\/es\/2019\/10\/23\/llega-el-foro-abierto-internacional-sobre-las-economias-transformadoras\/' data-rel='slide-1' class='slide-image' title='Llega el Foro Abierto Internacional sobre las econom\u00edas transformadoras'><img width=\"480\" height=\"339\" src=\"https:\/\/historic.xes.cat\/wp-content\/uploads\/2019\/04\/forumobert.png\" class=\"wp-image-5047 avia-img-lazy-loading-not-5047 attachment-portfolio size-portfolio wp-post-image\" alt=\"\" \/><\/a><div class='slide-content'><header class=\"entry-content-header\"><h3 class='slide-entry-title entry-title '  itemprop=\"headline\" ><a href='https:\/\/historic.xes.cat\/es\/2019\/10\/23\/llega-el-foro-abierto-internacional-sobre-las-economias-transformadoras\/' title='Llega el Foro Abierto Internacional sobre las econom\u00edas transformadoras'>Llega el Foro Abierto Internacional sobre las econom\u00edas transformadoras<\/a><\/h3><span class=\"av-vertical-delimiter\"><\/span><\/header><div class=\"slide-meta\"><time class='slide-meta-time updated'  itemprop=\"datePublished\" datetime=\"2019-10-23T23:07:10+02:00\" >23 de octubre de 2019<\/time><\/div><div class='slide-entry-excerpt entry-content'  itemprop=\"text\" >El FSMET 2020 es, cada vez m\u00e1s, una realidad. M\u00e1s de 300 personas\u2026<div class=\"read-more-link\"><a href=\"https:\/\/historic.xes.cat\/es\/2019\/10\/23\/llega-el-foro-abierto-internacional-sobre-las-economias-transformadoras\/\" class=\"more-link\">Leer m\u00e1s<span class=\"more-link-arrow\"><\/span><\/a><\/div><\/div><\/div><footer class=\"entry-footer\"><\/footer><span class='hidden'>\n\t\t\t\t<span class='av-structured-data'  itemprop=\"image\" itemscope=\"itemscope\" itemtype=\"https:\/\/schema.org\/ImageObject\" >\n\t\t\t\t\t\t<span itemprop='url'>https:\/\/historic.xes.cat\/wp-content\/uploads\/2019\/04\/forumobert.png<\/span>\n\t\t\t\t\t\t<span itemprop='height'>339<\/span>\n\t\t\t\t\t\t<span itemprop='width'>480<\/span>\n\t\t\t\t<\/span>\n\t\t\t\t<span class='av-structured-data'  itemprop=\"publisher\" itemtype=\"https:\/\/schema.org\/Organization\" itemscope=\"itemscope\" >\n\t\t\t\t\t\t<span itemprop='name'>adminriceup<\/span>\n\t\t\t\t\t\t<span itemprop='logo' itemscope itemtype='https:\/\/schema.org\/ImageObject'>\n\t\t\t\t\t\t\t<span itemprop='url'>http:\/\/xes.cat\/wp-content\/uploads\/2017\/05\/logotip-xes.png<\/span>\n\t\t\t\t\t\t <\/span>\n\t\t\t\t<\/span><span class='av-structured-data'  itemprop=\"author\" itemscope=\"itemscope\" itemtype=\"https:\/\/schema.org\/Person\" ><span itemprop='name'>adminriceup<\/span><\/span><span class='av-structured-data'  itemprop=\"datePublished\" datetime=\"2017-03-26T15:26:36+02:00\" >2019-10-23 23:07:10<\/span><span class='av-structured-data'  itemprop=\"dateModified\" itemtype=\"https:\/\/schema.org\/dateModified\" >2019-10-23 23:31:48<\/span><span class='av-structured-data'  itemprop=\"mainEntityOfPage\" itemtype=\"https:\/\/schema.org\/mainEntityOfPage\" ><span itemprop='name'>Llega el Foro Abierto Internacional sobre las econom\u00edas transformadoras<\/span><\/span><\/span><\/article><article class='slide-entry flex_column  post-entry post-entry-5660 slide-entry-overview slide-loop-3 slide-parity-odd  post-entry-last  av_one_third  real-thumbnail post-format-standard'  itemscope=\"itemscope\" itemtype=\"https:\/\/schema.org\/CreativeWork\" ><a href='https:\/\/historic.xes.cat\/es\/2019\/10\/23\/velamos-para-la-calidad-democratica-a-las-nuestros-organizaciones\/' data-rel='slide-1' class='slide-image' title='Velamos por la calidad democr\u00e1tica en nuestras organizaciones'><img width=\"495\" height=\"297\" src=\"https:\/\/historic.xes.cat\/wp-content\/uploads\/2019\/04\/reunions.jpg\" class=\"wp-image-5046 avia-img-lazy-loading-not-5046 attachment-portfolio size-portfolio wp-post-image\" alt=\"\" \/><\/a><div class='slide-content'><header class=\"entry-content-header\"><h3 class='slide-entry-title entry-title '  itemprop=\"headline\" ><a href='https:\/\/historic.xes.cat\/es\/2019\/10\/23\/velamos-para-la-calidad-democratica-a-las-nuestros-organizaciones\/' title='Velamos por la calidad democr\u00e1tica en nuestras organizaciones'>Velamos por la calidad democr\u00e1tica en nuestras organizaciones<\/a><\/h3><span class=\"av-vertical-delimiter\"><\/span><\/header><div class=\"slide-meta\"><time class='slide-meta-time updated'  itemprop=\"datePublished\" datetime=\"2019-10-23T23:04:51+02:00\" >23 de octubre de 2019<\/time><\/div><div class='slide-entry-excerpt entry-content'  itemprop=\"text\" >\r\n\r\n\r\n\r\n\r\n\r\n\r\nUno de los 15 criterios Pam a Pam tiene que ver\u2026<div class=\"read-more-link\"><a href=\"https:\/\/historic.xes.cat\/es\/2019\/10\/23\/velamos-para-la-calidad-democratica-a-las-nuestros-organizaciones\/\" class=\"more-link\">Leer m\u00e1s<span class=\"more-link-arrow\"><\/span><\/a><\/div><\/div><\/div><footer class=\"entry-footer\"><\/footer><span class='hidden'>\n\t\t\t\t<span class='av-structured-data'  itemprop=\"image\" itemscope=\"itemscope\" itemtype=\"https:\/\/schema.org\/ImageObject\" >\n\t\t\t\t\t\t<span itemprop='url'>https:\/\/historic.xes.cat\/wp-content\/uploads\/2019\/04\/reunions.jpg<\/span>\n\t\t\t\t\t\t<span itemprop='height'>461<\/span>\n\t\t\t\t\t\t<span itemprop='width'>768<\/span>\n\t\t\t\t<\/span>\n\t\t\t\t<span class='av-structured-data'  itemprop=\"publisher\" itemtype=\"https:\/\/schema.org\/Organization\" itemscope=\"itemscope\" >\n\t\t\t\t\t\t<span itemprop='name'>adminriceup<\/span>\n\t\t\t\t\t\t<span itemprop='logo' itemscope itemtype='https:\/\/schema.org\/ImageObject'>\n\t\t\t\t\t\t\t<span itemprop='url'>http:\/\/xes.cat\/wp-content\/uploads\/2017\/05\/logotip-xes.png<\/span>\n\t\t\t\t\t\t <\/span>\n\t\t\t\t<\/span><span class='av-structured-data'  itemprop=\"author\" itemscope=\"itemscope\" itemtype=\"https:\/\/schema.org\/Person\" ><span itemprop='name'>adminriceup<\/span><\/span><span class='av-structured-data'  itemprop=\"datePublished\" datetime=\"2017-03-26T15:26:36+02:00\" >2019-10-23 23:04:51<\/span><span class='av-structured-data'  itemprop=\"dateModified\" itemtype=\"https:\/\/schema.org\/dateModified\" >2019-10-23 23:30:05<\/span><span class='av-structured-data'  itemprop=\"mainEntityOfPage\" itemtype=\"https:\/\/schema.org\/mainEntityOfPage\" ><span itemprop='name'>Velamos por la calidad democr\u00e1tica en nuestras organizaciones<\/span><\/span><\/span><\/article><\/div><\/div><\/div><\/p><\/div><\/div><!--close column table wrapper. Autoclose: 1 -->\n<style type=\"text\/css\" data-created_by=\"avia_inline_auto\" id=\"style-css-av-av_one_fifth-9497bbf8bff73ea4c6992cc17fa9ec36\">\n.flex_column.av-av_one_fifth-9497bbf8bff73ea4c6992cc17fa9ec36{\nborder-radius:0px 0px 0px 0px;\n-webkit-border-radius:0px 0px 0px 0px;\n-moz-border-radius:0px 0px 0px 0px;\n}\n<\/style>\n<div class='flex_column av-av_one_fifth-9497bbf8bff73ea4c6992cc17fa9ec36 av_one_fifth  avia-builder-el-15  el_after_av_one_full  el_before_av_three_fifth  first flex_column_div av-zero-column-padding column-top-margin'   ><\/div><\/p>\n\n<style type=\"text\/css\" data-created_by=\"avia_inline_auto\" id=\"style-css-av-av_three_fifth-9c1d454dc06f7247226bc4e8f931daae\">\n.flex_column.av-av_three_fifth-9c1d454dc06f7247226bc4e8f931daae{\nborder-radius:0px 0px 0px 0px;\n-webkit-border-radius:0px 0px 0px 0px;\n-moz-border-radius:0px 0px 0px 0px;\n}\n<\/style>\n<div class='flex_column av-av_three_fifth-9c1d454dc06f7247226bc4e8f931daae av_three_fifth  avia-builder-el-16  el_after_av_one_fifth  el_before_av_one_fifth  flex_column_div av-zero-column-padding column-top-margin'   ><style type=\"text\/css\" data-created_by=\"avia_inline_auto\" id=\"style-css-av-av_icon_box-469327a743eb20e8b1a1dca9edd3764f\">\n.iconbox.av-av_icon_box-469327a743eb20e8b1a1dca9edd3764f .iconbox_icon{\nbackground-color:#ffffff;\nborder:1px solid #e03457;\ncolor:#e03457;\n}\n#top #wrap_all .iconbox.av-av_icon_box-469327a743eb20e8b1a1dca9edd3764f .iconbox_content_title{\ncolor:#ffffff;\n}\n.iconbox.av-av_icon_box-469327a743eb20e8b1a1dca9edd3764f .iconbox_content_container{\ncolor:#ffffff;\n}\n<\/style>\n<article  class='iconbox iconbox_top av-av_icon_box-469327a743eb20e8b1a1dca9edd3764f  avia-builder-el-17  avia-builder-el-no-sibling  iconbox-bg main_color'  itemscope=\"itemscope\" itemtype=\"https:\/\/schema.org\/CreativeWork\" ><div class=\"iconbox_content\"><header class=\"entry-content-header\"><a href='mailto:mailto:comunicacio@xes.cat' title='CONTACTO' target=\"_blank\" rel=\"noopener noreferrer\" class=\"iconbox_icon heading-color\" aria-hidden='true' data-av_icon='\ue805' data-av_iconfont='entypo-fontello'><\/a><h3 class='iconbox_content_title '  itemprop=\"headline\" ><a href='mailto:mailto:comunicacio@xes.cat' title='CONTACTO' target=\"_blank\" rel=\"noopener noreferrer\">CONTACTO<\/a><\/h3><\/header><div class='iconbox_content_container av_inherit_color'  itemprop=\"text\" ><p><a href=\"mailto:comunicacio@xes.cat\"><span style=\"font-weight: 400;\">comunicacio@xes.cat<\/span><\/a><\/p>\n<\/div><\/div><footer class=\"entry-footer\"><\/footer><\/article><\/div>\n\n<style type=\"text\/css\" data-created_by=\"avia_inline_auto\" id=\"style-css-av-av_one_fifth-9c1d454dc06f7247226bc4e8f931daae\">\n.flex_column.av-av_one_fifth-9c1d454dc06f7247226bc4e8f931daae{\nborder-radius:0px 0px 0px 0px;\n-webkit-border-radius:0px 0px 0px 0px;\n-moz-border-radius:0px 0px 0px 0px;\n}\n<\/style>\n<div class='flex_column av-av_one_fifth-9c1d454dc06f7247226bc4e8f931daae av_one_fifth  avia-builder-el-18  el_after_av_three_fifth  avia-builder-el-last  flex_column_div av-zero-column-padding column-top-margin'   ><\/div>\n","protected":false},"excerpt":{"rendered":"","protected":false},"author":1,"featured_media":0,"parent":0,"menu_order":0,"comment_status":"closed","ping_status":"closed","template":"","meta":{"_links_to":"","_links_to_target":""},"acf":[],"_links":{"self":[{"href":"https:\/\/historic.xes.cat\/es\/wp-json\/wp\/v2\/pages\/1637"}],"collection":[{"href":"https:\/\/historic.xes.cat\/es\/wp-json\/wp\/v2\/pages"}],"about":[{"href":"https:\/\/historic.xes.cat\/es\/wp-json\/wp\/v2\/types\/page"}],"author":[{"embeddable":true,"href":"https:\/\/historic.xes.cat\/es\/wp-json\/wp\/v2\/users\/1"}],"replies":[{"embeddable":true,"href":"https:\/\/historic.xes.cat\/es\/wp-json\/wp\/v2\/comments?post=1637"}],"version-history":[{"count":6,"href":"https:\/\/historic.xes.cat\/es\/wp-json\/wp\/v2\/pages\/1637\/revisions"}],"predecessor-version":[{"id":1808,"href":"https:\/\/historic.xes.cat\/es\/wp-json\/wp\/v2\/pages\/1637\/revisions\/1808"}],"wp:attachment":[{"href":"https:\/\/historic.xes.cat\/es\/wp-json\/wp\/v2\/media?parent=1637"}],"curies":[{"name":"wp","href":"https:\/\/api.w.org\/{rel}","templated":true}]}}