{"id":1609,"date":"2017-11-03T17:46:29","date_gmt":"2017-11-03T17:46:29","guid":{"rendered":"http:\/\/xes.cat\/?page_id=1609"},"modified":"2017-11-03T17:46:29","modified_gmt":"2017-11-03T17:46:29","slug":"publicaciones","status":"publish","type":"page","link":"https:\/\/historic.xes.cat\/es\/publicaciones\/","title":{"rendered":"Publicaciones"},"content":{"rendered":"\n<style type=\"text\/css\" data-created_by=\"avia_inline_auto\" id=\"style-css-av-av_one_full-9497bbf8bff73ea4c6992cc17fa9ec36\">\n.flex_column.av-av_one_full-9497bbf8bff73ea4c6992cc17fa9ec36{\nborder-radius:0px 0px 0px 0px;\n-webkit-border-radius:0px 0px 0px 0px;\n-moz-border-radius:0px 0px 0px 0px;\n}\n<\/style>\n<div class='flex_column av-av_one_full-9497bbf8bff73ea4c6992cc17fa9ec36 av_one_full  avia-builder-el-0  avia-builder-el-no-sibling  first flex_column_div av-zero-column-padding '   ><p>\n<style type=\"text\/css\" data-created_by=\"avia_inline_auto\" id=\"style-css-av-av_hr-9e4f122e6263a87236099ee1c2a3d1ea\">\n#top .hr.hr-invisible.av-av_hr-9e4f122e6263a87236099ee1c2a3d1ea{\nmargin-top:-18px;\nheight:1px;\n}\n<\/style>\n<div  class='hr av-av_hr-9e4f122e6263a87236099ee1c2a3d1ea hr-invisible  avia-builder-el-1  el_before_av_textblock  avia-builder-el-first '><span class='hr-inner '><span class=\"hr-inner-style\"><\/span><\/span><\/div><br \/>\n\n<style type=\"text\/css\" data-created_by=\"avia_inline_auto\" id=\"style-css-av-av_textblock-a0212b17a38bbe0b145fb98f5695eaff\">\n#top .av_textblock_section.av-av_textblock-a0212b17a38bbe0b145fb98f5695eaff .avia_textblock{\ncolor:#454545;\n}\n<\/style>\n<section  class='av_textblock_section av-av_textblock-a0212b17a38bbe0b145fb98f5695eaff'  itemscope=\"itemscope\" itemtype=\"https:\/\/schema.org\/CreativeWork\" ><div class='avia_textblock av_inherit_color'  itemprop=\"text\" ><h3 style=\"text-align: center;\">PUBLICACIONES<\/h3>\n<\/div><\/section><br \/>\n\n<style type=\"text\/css\" data-created_by=\"avia_inline_auto\" id=\"style-css-av-av_hr-a6211d8f60ef2716f579cd0e00f1e77a\">\n#top .hr.av-av_hr-a6211d8f60ef2716f579cd0e00f1e77a{\nmargin-top:10px;\nmargin-bottom:30px;\n}\n.hr.av-av_hr-a6211d8f60ef2716f579cd0e00f1e77a .hr-inner{\nwidth:50px;\nborder-color:#e03457;\n}\n<\/style>\n<div  class='hr av-av_hr-a6211d8f60ef2716f579cd0e00f1e77a hr-custom  avia-builder-el-3  el_after_av_textblock  el_before_av_blog  hr-center hr-icon-no'><span class='hr-inner inner-border-av-border-fat'><span class=\"hr-inner-style\"><\/span><\/span><\/div><br \/>\n<div  class='av-alb-blogposts template-blog  av-blog-meta-author-disabled av-blog-meta-comments-disabled av-blog-meta-tag-disabled cataleg-llibre '  itemscope=\"itemscope\" itemtype=\"https:\/\/schema.org\/Blog\" ><article class=\"post-entry post-entry-type-standard post-entry-1700 post-loop-1 post-parity-odd single-small post with-slider post-1700 llibre type-llibre status-publish has-post-thumbnail hentry category-llibre-es\"  itemscope=\"itemscope\" itemtype=\"https:\/\/schema.org\/CreativeWork\" ><div class=\"blog-meta\"><a href='https:\/\/historic.xes.cat\/es\/llibre\/esmolem-eines-debats-leconomia-solidaria-transformacio-social\/' class='small-preview'  title=\"esmolem eines WEB\"   itemprop=\"image\" itemscope=\"itemscope\" itemtype=\"https:\/\/schema.org\/ImageObject\" ><img width=\"90\" height=\"128\" src=\"https:\/\/historic.xes.cat\/wp-content\/uploads\/2017\/07\/esmolem-eines-WEB.jpg\" class=\"wp-image-1370 avia-img-lazy-loading-not-1370 attachment-square size-square wp-post-image\" alt=\"\" \/><span class=\"iconfont\" aria-hidden='true' data-av_icon='\ue836' data-av_iconfont='entypo-fontello'><\/span><\/a><\/div><div class='entry-content-wrapper clearfix standard-content'><header class=\"entry-content-header\"><h2 class='post-title entry-title '  itemprop=\"headline\" ><a href=\"https:\/\/historic.xes.cat\/es\/llibre\/esmolem-eines-debats-leconomia-solidaria-transformacio-social\/\" rel=\"bookmark\" title=\"Enlace permanente: ESMOLEM LES EINES. Debates de la economia solidaria para la transformaci\u00f3n social\">ESMOLEM LES EINES. Debates de la economia solidaria para la transformaci\u00f3n social<span class=\"post-format-icon minor-meta\"><\/span><\/a><\/h2><span class=\"post-meta-infos\"><time class=\"date-container minor-meta updated\"  itemprop=\"datePublished\" datetime=\"2017-07-05T14:44:42+02:00\" >5 de julio de 2017<\/time><span class=\"text-sep\">\/<\/span><span class=\"blog-categories minor-meta\">en <a href=\"https:\/\/historic.xes.cat\/es\/category\/llibre-es\/\" rel=\"tag\">Llibre<\/a><\/span><\/span><\/header><div class=\"entry-content\"  itemprop=\"text\" ><p>AUTOR Con textos de Jordi Estivill, Jean Louis Laville, Elba Mansilla, Ivan Mir\u00f3, \u00d3scar Rando, Rub\u00e9n Suri\u00f1ach y Anna Fern\u00e0ndez. SINOPSIS Al calor de las luchas contra la crisis capitalista, proliferan las iniciativas socioecon\u00f3micas que afrontan necesidades colectivas desde la solidaridad, la cooperaci\u00f3n y la autogesti\u00f3n. La alimentaci\u00f3n, las curas, la financiaci\u00f3n, la vivienda, la [&hellip;]<\/p>\n<h5 class='cataleg-info' id='cataleg-autor'>Diversos autors<\/h5>\n<div class='cataleg-info'>&nbsp;|&nbsp; Precio:10&nbsp;|&nbsp;<\/div>\n<div class='cataleg-info'>Editorial:Pol\u00b7len edicions, Tigre de Paper i Icaria editorial&nbsp;|&nbsp;<\/div>\n<div class='cataleg-info'>P\u00e1ginas:188<\/div>\n<\/div><footer class=\"entry-footer\"><\/footer><div class='post_delimiter'><\/div><\/div><div class=\"post_author_timeline\"><\/div><span class='hidden'>\n\t\t\t\t<span class='av-structured-data'  itemprop=\"image\" itemscope=\"itemscope\" itemtype=\"https:\/\/schema.org\/ImageObject\" >\n\t\t\t\t\t\t<span itemprop='url'>https:\/\/historic.xes.cat\/wp-content\/uploads\/2017\/07\/esmolem-eines-WEB.jpg<\/span>\n\t\t\t\t\t\t<span itemprop='height'>128<\/span>\n\t\t\t\t\t\t<span itemprop='width'>90<\/span>\n\t\t\t\t<\/span>\n\t\t\t\t<span class='av-structured-data'  itemprop=\"publisher\" itemtype=\"https:\/\/schema.org\/Organization\" itemscope=\"itemscope\" >\n\t\t\t\t\t\t<span itemprop='name'>adminriceup<\/span>\n\t\t\t\t\t\t<span itemprop='logo' itemscope itemtype='https:\/\/schema.org\/ImageObject'>\n\t\t\t\t\t\t\t<span itemprop='url'>http:\/\/xes.cat\/wp-content\/uploads\/2017\/05\/logotip-xes.png<\/span>\n\t\t\t\t\t\t <\/span>\n\t\t\t\t<\/span><span class='av-structured-data'  itemprop=\"author\" itemscope=\"itemscope\" itemtype=\"https:\/\/schema.org\/Person\" ><span itemprop='name'>adminriceup<\/span><\/span><span class='av-structured-data'  itemprop=\"datePublished\" datetime=\"2017-07-05T14:44:42+02:00\" >2017-07-05 14:44:42<\/span><span class='av-structured-data'  itemprop=\"dateModified\" itemtype=\"https:\/\/schema.org\/dateModified\" >2017-11-09 14:09:10<\/span><span class='av-structured-data'  itemprop=\"mainEntityOfPage\" itemtype=\"https:\/\/schema.org\/mainEntityOfPage\" ><span itemprop='name'>ESMOLEM LES EINES. Debates de la economia solidaria para la transformaci\u00f3n social<\/span><\/span><\/span><\/article><article class=\"post-entry post-entry-type-standard post-entry-1701 post-loop-2 post-parity-even single-small post with-slider post-1701 llibre type-llibre status-publish has-post-thumbnail hentry category-llibre-es\"  itemscope=\"itemscope\" itemtype=\"https:\/\/schema.org\/CreativeWork\" ><div class=\"blog-meta\"><a href='https:\/\/historic.xes.cat\/es\/llibre\/homo-cooperans-2-0\/' class='small-preview'  title=\"homo 3\"   itemprop=\"image\" itemscope=\"itemscope\" itemtype=\"https:\/\/schema.org\/ImageObject\" ><img width=\"120\" height=\"180\" src=\"https:\/\/historic.xes.cat\/wp-content\/uploads\/2017\/05\/homo-3-1-120x180.jpg\" class=\"wp-image-1061 avia-img-lazy-loading-not-1061 attachment-square size-square wp-post-image\" alt=\"\" \/><span class=\"iconfont\" aria-hidden='true' data-av_icon='\ue836' data-av_iconfont='entypo-fontello'><\/span><\/a><\/div><div class='entry-content-wrapper clearfix standard-content'><header class=\"entry-content-header\"><h2 class='post-title entry-title '  itemprop=\"headline\" ><a href=\"https:\/\/historic.xes.cat\/es\/llibre\/homo-cooperans-2-0\/\" rel=\"bookmark\" title=\"Enlace permanente: Homo Cooperans 2.0\">Homo Cooperans 2.0<span class=\"post-format-icon minor-meta\"><\/span><\/a><\/h2><span class=\"post-meta-infos\"><time class=\"date-container minor-meta updated\"  itemprop=\"datePublished\" datetime=\"2017-05-22T15:20:30+02:00\" >22 de mayo de 2017<\/time><span class=\"text-sep\">\/<\/span><span class=\"blog-categories minor-meta\">en <a href=\"https:\/\/historic.xes.cat\/es\/category\/llibre-es\/\" rel=\"tag\">Llibre<\/a><\/span><\/span><\/header><div class=\"entry-content\"  itemprop=\"text\" ><p>AUTOR Matthieu Lietaert es doctor en ci\u00e9ncias pol\u00edticas y periodista. Realizador del film Los negocios de Bruselas sobre el lobbying de las empresas multinacionales (tve, arte). Experto en ecoaldees urbanas, Matthieu Lietaert est\u00e1 ahora mismo creando La f\u00e1brica de la transici\u00f3n, al sur de Barcelona, para reinventar la vida rural -cada vez m\u00e1s abandonada- con [&hellip;]<\/p>\n<h5 class='cataleg-info' id='cataleg-autor'>Matthieu Lietaert<\/h5>\n<div class='cataleg-info'>&nbsp;|&nbsp; Precio:14&nbsp;|&nbsp;<\/div>\n<div class='cataleg-info'>Editorial:XES\/Ic\u00e0ria&nbsp;|&nbsp;<\/div>\n<div class='cataleg-info'>P\u00e1ginas:136<\/div>\n<\/div><footer class=\"entry-footer\"><\/footer><div class='post_delimiter'><\/div><\/div><div class=\"post_author_timeline\"><\/div><span class='hidden'>\n\t\t\t\t<span class='av-structured-data'  itemprop=\"image\" itemscope=\"itemscope\" itemtype=\"https:\/\/schema.org\/ImageObject\" >\n\t\t\t\t\t\t<span itemprop='url'>https:\/\/historic.xes.cat\/wp-content\/uploads\/2017\/05\/homo-3-1.jpg<\/span>\n\t\t\t\t\t\t<span itemprop='height'>192<\/span>\n\t\t\t\t\t\t<span itemprop='width'>120<\/span>\n\t\t\t\t<\/span>\n\t\t\t\t<span class='av-structured-data'  itemprop=\"publisher\" itemtype=\"https:\/\/schema.org\/Organization\" itemscope=\"itemscope\" >\n\t\t\t\t\t\t<span itemprop='name'>comunicacio<\/span>\n\t\t\t\t\t\t<span itemprop='logo' itemscope itemtype='https:\/\/schema.org\/ImageObject'>\n\t\t\t\t\t\t\t<span itemprop='url'>http:\/\/xes.cat\/wp-content\/uploads\/2017\/05\/logotip-xes.png<\/span>\n\t\t\t\t\t\t <\/span>\n\t\t\t\t<\/span><span class='av-structured-data'  itemprop=\"author\" itemscope=\"itemscope\" itemtype=\"https:\/\/schema.org\/Person\" ><span itemprop='name'>comunicacio<\/span><\/span><span class='av-structured-data'  itemprop=\"datePublished\" datetime=\"2017-05-22T15:20:30+02:00\" >2017-05-22 15:20:30<\/span><span class='av-structured-data'  itemprop=\"dateModified\" itemtype=\"https:\/\/schema.org\/dateModified\" >2017-11-08 17:17:17<\/span><span class='av-structured-data'  itemprop=\"mainEntityOfPage\" itemtype=\"https:\/\/schema.org\/mainEntityOfPage\" ><span itemprop='name'>Homo Cooperans 2.0<\/span><\/span><\/span><\/article><article class=\"post-entry post-entry-type-standard post-entry-1769 post-loop-3 post-parity-odd post-entry-last single-small post with-slider post-1769 llibre type-llibre status-publish has-post-thumbnail hentry category-llibre-es\"  itemscope=\"itemscope\" itemtype=\"https:\/\/schema.org\/CreativeWork\" ><div class=\"blog-meta\"><a href='https:\/\/historic.xes.cat\/es\/llibre\/mas-alla-capitalismo\/' class='small-preview'  title=\"xs3024\"   itemprop=\"image\" itemscope=\"itemscope\" itemtype=\"https:\/\/schema.org\/ImageObject\" ><img width=\"120\" height=\"180\" src=\"https:\/\/historic.xes.cat\/wp-content\/uploads\/2017\/04\/xs3024-120x180.jpg\" class=\"wp-image-399 avia-img-lazy-loading-not-399 attachment-square size-square wp-post-image\" alt=\"\" \/><span class=\"iconfont\" aria-hidden='true' data-av_icon='\ue836' data-av_iconfont='entypo-fontello'><\/span><\/a><\/div><div class='entry-content-wrapper clearfix standard-content'><header class=\"entry-content-header\"><h2 class='post-title entry-title '  itemprop=\"headline\" ><a href=\"https:\/\/historic.xes.cat\/es\/llibre\/mas-alla-capitalismo\/\" rel=\"bookmark\" title=\"Enlace permanente: Vida m\u00e1s all\u00e1 del capitalismo\">Vida m\u00e1s all\u00e1 del capitalismo<span class=\"post-format-icon minor-meta\"><\/span><\/a><\/h2><span class=\"post-meta-infos\"><time class=\"date-container minor-meta updated\"  itemprop=\"datePublished\" datetime=\"2017-05-22T14:09:47+02:00\" >22 de mayo de 2017<\/time><span class=\"text-sep\">\/<\/span><span class=\"blog-categories minor-meta\">en <a href=\"https:\/\/historic.xes.cat\/es\/category\/llibre-es\/\" rel=\"tag\">Llibre<\/a><\/span><\/span><\/header><div class=\"entry-content\"  itemprop=\"text\" ><p>AUTOR Michael Albert es un activista norteamericano, economista, orador y escritor. Es editor de Z Limpio y fundador y actual miembro de Z Magazine. Junto a Roben Hahnel cre\u00f3 el concepto econom\u00eda participativa. SINOPSIS La econom\u00eda participativa es la propuesta concreta de Michael Albert para una econom\u00eda sin clases, desarrollada a partir de los principios [&hellip;]<\/p>\n<h5 class='cataleg-info' id='cataleg-autor'>Michael Albert<\/h5>\n<div class='cataleg-info'>&nbsp;|&nbsp; Precio:25&nbsp;|&nbsp;<\/div>\n<div class='cataleg-info'>Editorial:XES \/ Icaria&nbsp;|&nbsp;<\/div>\n<div class='cataleg-info'>P\u00e1ginas:288<\/div>\n<\/div><footer class=\"entry-footer\"><\/footer><div class='post_delimiter'><\/div><\/div><div class=\"post_author_timeline\"><\/div><span class='hidden'>\n\t\t\t\t<span class='av-structured-data'  itemprop=\"image\" itemscope=\"itemscope\" itemtype=\"https:\/\/schema.org\/ImageObject\" >\n\t\t\t\t\t\t<span itemprop='url'>https:\/\/historic.xes.cat\/wp-content\/uploads\/2017\/04\/xs3024-e1491315652401.jpg<\/span>\n\t\t\t\t\t\t<span itemprop='height'>180<\/span>\n\t\t\t\t\t\t<span itemprop='width'>120<\/span>\n\t\t\t\t<\/span>\n\t\t\t\t<span class='av-structured-data'  itemprop=\"publisher\" itemtype=\"https:\/\/schema.org\/Organization\" itemscope=\"itemscope\" >\n\t\t\t\t\t\t<span itemprop='name'>jamgo<\/span>\n\t\t\t\t\t\t<span itemprop='logo' itemscope itemtype='https:\/\/schema.org\/ImageObject'>\n\t\t\t\t\t\t\t<span itemprop='url'>http:\/\/xes.cat\/wp-content\/uploads\/2017\/05\/logotip-xes.png<\/span>\n\t\t\t\t\t\t <\/span>\n\t\t\t\t<\/span><span class='av-structured-data'  itemprop=\"author\" itemscope=\"itemscope\" itemtype=\"https:\/\/schema.org\/Person\" ><span itemprop='name'>jamgo<\/span><\/span><span class='av-structured-data'  itemprop=\"datePublished\" datetime=\"2017-05-22T14:09:47+02:00\" >2017-05-22 14:09:47<\/span><span class='av-structured-data'  itemprop=\"dateModified\" itemtype=\"https:\/\/schema.org\/dateModified\" >2017-11-09 14:16:04<\/span><span class='av-structured-data'  itemprop=\"mainEntityOfPage\" itemtype=\"https:\/\/schema.org\/mainEntityOfPage\" ><span itemprop='name'>Vida m\u00e1s all\u00e1 del capitalismo<\/span><\/span><\/span><\/article><div class='single-small'><\/div><\/div><\/p><\/div>\n","protected":false},"excerpt":{"rendered":"","protected":false},"author":16,"featured_media":0,"parent":0,"menu_order":0,"comment_status":"closed","ping_status":"closed","template":"","meta":{"_links_to":"","_links_to_target":""},"acf":[],"_links":{"self":[{"href":"https:\/\/historic.xes.cat\/es\/wp-json\/wp\/v2\/pages\/1609"}],"collection":[{"href":"https:\/\/historic.xes.cat\/es\/wp-json\/wp\/v2\/pages"}],"about":[{"href":"https:\/\/historic.xes.cat\/es\/wp-json\/wp\/v2\/types\/page"}],"author":[{"embeddable":true,"href":"https:\/\/historic.xes.cat\/es\/wp-json\/wp\/v2\/users\/16"}],"replies":[{"embeddable":true,"href":"https:\/\/historic.xes.cat\/es\/wp-json\/wp\/v2\/comments?post=1609"}],"version-history":[{"count":1,"href":"https:\/\/historic.xes.cat\/es\/wp-json\/wp\/v2\/pages\/1609\/revisions"}],"predecessor-version":[{"id":1610,"href":"https:\/\/historic.xes.cat\/es\/wp-json\/wp\/v2\/pages\/1609\/revisions\/1610"}],"wp:attachment":[{"href":"https:\/\/historic.xes.cat\/es\/wp-json\/wp\/v2\/media?parent=1609"}],"curies":[{"name":"wp","href":"https:\/\/api.w.org\/{rel}","templated":true}]}}